{"id":15,"date":"2024-10-25T13:05:41","date_gmt":"2024-10-25T13:05:41","guid":{"rendered":"https:\/\/asdgiada.it\/?page_id=15"},"modified":"2024-11-04T11:54:34","modified_gmt":"2024-11-04T11:54:34","slug":"escrima-kali-filippino","status":"publish","type":"page","link":"https:\/\/asdgiada.it\/index.php\/escrima-kali-filippino\/","title":{"rendered":"Escrima &#038; Kali Filippino"},"content":{"rendered":"\t\t<div data-elementor-type=\"wp-page\" data-elementor-id=\"15\" class=\"elementor elementor-15\">\n\t\t\t\t<div class=\"elementor-element elementor-element-daeb4d2 e-flex e-con-boxed e-con e-parent\" data-id=\"daeb4d2\" data-element_type=\"container\">\n\t\t\t\t\t<div class=\"e-con-inner\">\n\t\t\t\t<div class=\"elementor-element elementor-element-69fd3b75 elementor-widget elementor-widget-text-editor\" data-id=\"69fd3b75\" data-element_type=\"widget\" data-widget_type=\"text-editor.default\">\n\t\t\t\t<div class=\"elementor-widget-container\">\n\t\t\t\t\t\t\t\t\t<p><\/p>\n<h1 class=\"wp-block-heading\">Escrima<\/h1>\n<p><\/p>\n<p><\/p>\n<figure class=\"wp-block-embed is-type-video is-provider-youtube wp-block-embed-youtube wp-embed-aspect-16-9 wp-has-aspect-ratio\">\n<div class=\"wp-block-embed__wrapper\">\n<iframe title=\"Sifu Aldo Mercuro, Si-Hing Gabriele Misseri - Kali filippino (escrima) CAPA DEFENCE ACADEMY\" width=\"800\" height=\"450\" src=\"https:\/\/www.youtube.com\/embed\/uIUkgpR7YL0?feature=oembed\" frameborder=\"0\" allow=\"accelerometer; autoplay; clipboard-write; encrypted-media; gyroscope; picture-in-picture; web-share\" referrerpolicy=\"strict-origin-when-cross-origin\" allowfullscreen><\/iframe>\n<\/div>\n<\/figure>\n<p><\/p>\n<p><\/p>\n<p class=\"has-text-align-left has-white-background-color has-background has-medium-font-size\">Sifu Aldo Mercuro &#8211; Si-Hing Gabriele Misseri<\/p>\n<p><\/p>\t\t\t\t\t\t\t\t<\/div>\n\t\t\t\t<\/div>\n\t\t\t\t<div class=\"elementor-element elementor-element-ecd31ce elementor-widget elementor-widget-text-editor\" data-id=\"ecd31ce\" data-element_type=\"widget\" data-widget_type=\"text-editor.default\">\n\t\t\t\t<div class=\"elementor-widget-container\">\n\t\t\t\t\t\t\t\t\t<p><\/p>\n<h1 class=\"wp-block-heading\">Escrima<\/h1><div><h1 style=\"font-family: var(--title-font); font-weight: var(--title-font-weight); font-size: 2.5rem; line-height: 1.25; color: rgb(42, 42, 42); margin-block: 1.5rem 0px; max-width: var(--wp--style--global--content-size); letter-spacing: normal; text-align: start; background-color: rgb(255, 255, 255); margin-left: auto !important; margin-right: auto !important;\"><span style=\"color: rgb(58, 58, 58); font-family: var( --e-global-typography-text-font-family ), Sans-serif; font-weight: var( --e-global-typography-text-font-weight ); font-size: 1rem;\">Escrima&nbsp;o&nbsp;Eskrima&nbsp;\u00e8 un antico&nbsp;sistema di combattimento&nbsp;filippino, conosciuto anche come&nbsp;Kali&nbsp;o&nbsp;Arnis de Mano, o ancora come&nbsp;FMA&nbsp;(Filipino Martial Arts). Le tecniche di base insegnate sono estremamente semplificate. In un breve addestramento, con poco tempo a disposizione per allenarsi, solo le tecniche pi\u00f9 semplici sono quelle che realmente possono essere usate con efficacia in battaglia. Questo permise agli abitanti delle trib\u00f9 indigene, senza alcun addestramento militare, di difendersi da altre trib\u00f9 o addirittura dall\u2019aggressione di eserciti stranieri. A causa di questo primo approccio, l\u2019Escrima pu\u00f2 sembrare erroneamente un\u2019arte marziale molto semplice da imparare.<\/span><\/h1><p style=\"margin-block: 1.5rem 0px; max-width: var(--wp--style--global--content-size); color: rgb(58, 58, 58); text-align: start; background-color: rgb(255, 255, 255); margin-left: auto !important; margin-right: auto !important;\">\u201cEscrima\u201d in lingua filippina&nbsp;Tagalog&nbsp;ha lo stesso significato dello spagnolo \u201cesgrima\u201c, ovvero \u201cscherma\u201c. Il primo contatto storico del mondo occidentale con l\u2019Escrima si ha nell\u2019epoca delle prime conquiste coloniali, che seguirono alle esplorazioni dei \u201cnuovi mondi\u201d scoperti dai grandi navigatori agli inizi del Cinquecento. Quando i \u201cconquistadores\u201d spagnoli arrivarono nelle&nbsp;Filippine, trovarono ad aspettarli trib\u00f9 belligeranti, che usavano armi tradizionali per difendersi.&nbsp;Ferdinando Magellano, in particolare, venne ucciso nella&nbsp;battaglia di Mactan&nbsp;del 1521 dal re&nbsp;Lapu-Lapu: \u00e8 lo stesso&nbsp;Pigafetta, che descrive nel suo&nbsp;diario di viaggio&nbsp;come gli indigeni uccisero Magellano con lance e con un \u201cgran terciado (che \u00e8 come una scimitarra, ma pi\u00f9 grosso)\u201d. Dopo la conquista, gli spagnoli bandirono l\u2019arte marziale&nbsp;indigena (che per\u00f2 rimase nascosta nelle danze e nei rituali popolari), sostituendola con la scherma spagnola. Il kali moderno risente ancora adesso dell\u2019infuenza spagnola. Molti ritengono che l\u2019origine dell\u2019Escrima si trovi nelle arti marziali indonesiane, che hanno le loro radici nel&nbsp;Kun Tao&nbsp;e nel&nbsp;Silat. Il Kun Tao (letteralmente la via del pugno) non \u00e8 altro che una delle evoluzioni che ha avuto il&nbsp;Ch\u2019uan Fa&nbsp;(conosciuto in occidente ed a&nbsp;Hong Kong&nbsp;con il termine Kung fu&nbsp;e nella&nbsp;Cina&nbsp;moderna come&nbsp;Wu-shu), mentre il Silat deriva dai movimenti adottati dalle arti marziali della penisola indiana e della popolazione araba che si insedi\u00f2 in&nbsp;Indonesia&nbsp;verso il XIII secolo. Del resto, a partire dal XIV secolo inizi\u00f2 l\u2019insediamento di popolazioni&nbsp;musulmane&nbsp;anche nel sud delle Filippine,&nbsp;invasione&nbsp;che si ferm\u00f2 con l\u2019arrivo degli spagnoli: ancora oggi le isole meridionali dell\u2019arcipelago filippino sono abitate dalla popolazione \u201cmoros\u201d, musulmana. In realt\u00e0, gli innumerevoli stili delle arti marziali filippine hanno assorbito tecniche e schemi motori da qualsiasi arte marziale portata dai vari conquistatori delle&nbsp;Filippine&nbsp;che si sono succeduti nel corso della storia: indiani, arabi, spagnoli (con accompagnamento di portoghesi ed italiani), americani, giapponesi.<br><span style=\"font-weight: 700;\">Escrima oggi<\/span><br>Negli ultimi anni \u00e8 cresciuto l\u2019interesse per le arti marziali meno diffuse, provenienti da diverse culture di tutto il mondo, incluso Escrima,&nbsp;Capoeira, Savate,&nbsp;Muay Thai&nbsp;ed altre. Ritenuta la migliore arte per imparare ad usare i coltelli ed a difendersi da essi, Escrima ha attirato persone non necessariamente interessate al suo aspetto culturale. Come conseguenza, molti sistemi di Escrima sono stati modificati, per renderli pi\u00f9 \u201cvendibili\u201d ad un pubblico esteso. L\u2019influenza di altre arti marziali asiatiche sul modo di proporsi \u201csul mercato\u201d ha portato ad una enfatizzazione del&nbsp;trapping, del controllo&nbsp;e del&nbsp;disarmo, focalizzandosi sull\u2019aspetto dell\u2019autodifesa. D\u2019altra parte, il Kali-Arnis-Escrima non si \u00e8 evoluto in senso&nbsp;sportivo&nbsp;come altre arti marziali (soprattutto giapponesi e cinesi), mantenendo una certa impronta guerriera, dovuta alla sua origine (l\u2019uso delle armi ne \u00e8 insieme la causa e la diretta conseguenza). I moderni metodi di allenamento tendono a curare meno il \u201cfootwork\u201d e le tecniche di piede (che peraltro vengono assimilate con gli esercizi come veniva fatto anche anticamente) e le posizioni basse del corpo (che comunque erano adottate da non molti stili di Arnis\/Escrima), soffermandosi sempre di pi\u00f9 su tecniche dirette, maggiormente adatte ad essere imparate da chi non ha la possibilit\u00e0 di dedicare moltissimo tempo a queste discipline e che possono sembrare pi\u00f9 efficaci, soprattutto in contesti in cui \u00e8 richiesta una reazione immediata che non implichi anni e anni d\u2019allenamento per essere acquisita.<br><span style=\"font-weight: 700;\">Evoluzione<\/span><br>Non \u00e8 raro veder praticare Escrima insieme con arti marziali cinesi, come&nbsp;Kempo&nbsp;e soprattutto&nbsp;Wing Chun, nonch\u00e9&nbsp;Jeet Kune Do. Nelle Filippine molti maestri di Escrima ormai praticano come sistemi a mani nude anche discipline giapponesi, come il&nbsp;Karate&nbsp;o lo&nbsp;Judo.<\/p><\/div>\n<p><\/p>\t\t\t\t\t\t\t\t<\/div>\n\t\t\t\t<\/div>\n\t\t\t\t\t<\/div>\n\t\t\t\t<\/div>\n\t\t<div class=\"elementor-element elementor-element-028ceb5 e-grid e-con-boxed e-con e-parent\" data-id=\"028ceb5\" data-element_type=\"container\">\n\t\t\t\t\t<div class=\"e-con-inner\">\n\t\t\t\t\t<\/div>\n\t\t\t\t<\/div>\n\t\t\t\t<\/div>\n\t\t","protected":false},"excerpt":{"rendered":"<p>Escrima Sifu Aldo Mercuro &#8211; Si-Hing Gabriele Misseri Escrima Escrima&nbsp;o&nbsp;Eskrima&nbsp;\u00e8 un antico&nbsp;sistema di combattimento&nbsp;filippino, conosciuto anche come&nbsp;Kali&nbsp;o&nbsp;Arnis de Mano, o ancora come&nbsp;FMA&nbsp;(Filipino Martial Arts). Le tecniche di base insegnate sono estremamente semplificate. In un breve addestramento, con poco tempo a disposizione per allenarsi, solo le tecniche pi\u00f9 semplici sono quelle che realmente possono essere usate [&hellip;]<\/p>\n","protected":false},"author":1,"featured_media":0,"parent":0,"menu_order":0,"comment_status":"closed","ping_status":"closed","template":"","meta":{"footnotes":""},"class_list":["post-15","page","type-page","status-publish","hentry"],"yoast_head":"<!-- This site is optimized with the Yoast SEO plugin v25.9 - https:\/\/yoast.com\/wordpress\/plugins\/seo\/ -->\n<title>Escrima &amp; Kali Filippino - ASD GIADA<\/title>\n<meta name=\"robots\" content=\"index, follow, max-snippet:-1, max-image-preview:large, max-video-preview:-1\" \/>\n<link rel=\"canonical\" href=\"https:\/\/asdgiada.it\/index.php\/escrima-kali-filippino\/\" \/>\n<meta property=\"og:locale\" content=\"it_IT\" \/>\n<meta property=\"og:type\" content=\"article\" \/>\n<meta property=\"og:title\" content=\"Escrima &amp; Kali Filippino - ASD GIADA\" \/>\n<meta property=\"og:description\" content=\"Escrima Sifu Aldo Mercuro &#8211; Si-Hing Gabriele Misseri Escrima Escrima&nbsp;o&nbsp;Eskrima&nbsp;\u00e8 un antico&nbsp;sistema di combattimento&nbsp;filippino, conosciuto anche come&nbsp;Kali&nbsp;o&nbsp;Arnis de Mano, o ancora come&nbsp;FMA&nbsp;(Filipino Martial Arts). Le tecniche di base insegnate sono estremamente semplificate. In un breve addestramento, con poco tempo a disposizione per allenarsi, solo le tecniche pi\u00f9 semplici sono quelle che realmente possono essere usate [&hellip;]\" \/>\n<meta property=\"og:url\" content=\"https:\/\/asdgiada.it\/index.php\/escrima-kali-filippino\/\" \/>\n<meta property=\"og:site_name\" content=\"ASD GIADA\" \/>\n<meta property=\"article:modified_time\" content=\"2024-11-04T11:54:34+00:00\" \/>\n<meta name=\"twitter:card\" content=\"summary_large_image\" \/>\n<meta name=\"twitter:label1\" content=\"Tempo di lettura stimato\" \/>\n\t<meta name=\"twitter:data1\" content=\"4 minuti\" \/>\n<script type=\"application\/ld+json\" class=\"yoast-schema-graph\">{\"@context\":\"https:\/\/schema.org\",\"@graph\":[{\"@type\":\"WebPage\",\"@id\":\"https:\/\/asdgiada.it\/index.php\/escrima-kali-filippino\/\",\"url\":\"https:\/\/asdgiada.it\/index.php\/escrima-kali-filippino\/\",\"name\":\"Escrima & Kali Filippino - ASD GIADA\",\"isPartOf\":{\"@id\":\"https:\/\/asdgiada.it\/#website\"},\"datePublished\":\"2024-10-25T13:05:41+00:00\",\"dateModified\":\"2024-11-04T11:54:34+00:00\",\"breadcrumb\":{\"@id\":\"https:\/\/asdgiada.it\/index.php\/escrima-kali-filippino\/#breadcrumb\"},\"inLanguage\":\"it-IT\",\"potentialAction\":[{\"@type\":\"ReadAction\",\"target\":[\"https:\/\/asdgiada.it\/index.php\/escrima-kali-filippino\/\"]}]},{\"@type\":\"BreadcrumbList\",\"@id\":\"https:\/\/asdgiada.it\/index.php\/escrima-kali-filippino\/#breadcrumb\",\"itemListElement\":[{\"@type\":\"ListItem\",\"position\":1,\"name\":\"Home\",\"item\":\"https:\/\/asdgiada.it\/\"},{\"@type\":\"ListItem\",\"position\":2,\"name\":\"Escrima &#038; Kali Filippino\"}]},{\"@type\":\"WebSite\",\"@id\":\"https:\/\/asdgiada.it\/#website\",\"url\":\"https:\/\/asdgiada.it\/\",\"name\":\"ASD GIADA\",\"description\":\"Difesa personale, Wing Chun Kung Fu e Escrima\",\"publisher\":{\"@id\":\"https:\/\/asdgiada.it\/#organization\"},\"potentialAction\":[{\"@type\":\"SearchAction\",\"target\":{\"@type\":\"EntryPoint\",\"urlTemplate\":\"https:\/\/asdgiada.it\/?s={search_term_string}\"},\"query-input\":{\"@type\":\"PropertyValueSpecification\",\"valueRequired\":true,\"valueName\":\"search_term_string\"}}],\"inLanguage\":\"it-IT\"},{\"@type\":\"Organization\",\"@id\":\"https:\/\/asdgiada.it\/#organization\",\"name\":\"ASD GIADA\",\"url\":\"https:\/\/asdgiada.it\/\",\"logo\":{\"@type\":\"ImageObject\",\"inLanguage\":\"it-IT\",\"@id\":\"https:\/\/asdgiada.it\/#\/schema\/logo\/image\/\",\"url\":\"https:\/\/asdgiada.it\/wp-content\/uploads\/2024\/11\/cropped-logo-ASD-GIADA-copia.gif\",\"contentUrl\":\"https:\/\/asdgiada.it\/wp-content\/uploads\/2024\/11\/cropped-logo-ASD-GIADA-copia.gif\",\"width\":1600,\"height\":670,\"caption\":\"ASD GIADA\"},\"image\":{\"@id\":\"https:\/\/asdgiada.it\/#\/schema\/logo\/image\/\"}}]}<\/script>\n<!-- \/ Yoast SEO plugin. -->","yoast_head_json":{"title":"Escrima & Kali Filippino - ASD GIADA","robots":{"index":"index","follow":"follow","max-snippet":"max-snippet:-1","max-image-preview":"max-image-preview:large","max-video-preview":"max-video-preview:-1"},"canonical":"https:\/\/asdgiada.it\/index.php\/escrima-kali-filippino\/","og_locale":"it_IT","og_type":"article","og_title":"Escrima & Kali Filippino - ASD GIADA","og_description":"Escrima Sifu Aldo Mercuro &#8211; Si-Hing Gabriele Misseri Escrima Escrima&nbsp;o&nbsp;Eskrima&nbsp;\u00e8 un antico&nbsp;sistema di combattimento&nbsp;filippino, conosciuto anche come&nbsp;Kali&nbsp;o&nbsp;Arnis de Mano, o ancora come&nbsp;FMA&nbsp;(Filipino Martial Arts). Le tecniche di base insegnate sono estremamente semplificate. In un breve addestramento, con poco tempo a disposizione per allenarsi, solo le tecniche pi\u00f9 semplici sono quelle che realmente possono essere usate [&hellip;]","og_url":"https:\/\/asdgiada.it\/index.php\/escrima-kali-filippino\/","og_site_name":"ASD GIADA","article_modified_time":"2024-11-04T11:54:34+00:00","twitter_card":"summary_large_image","twitter_misc":{"Tempo di lettura stimato":"4 minuti"},"schema":{"@context":"https:\/\/schema.org","@graph":[{"@type":"WebPage","@id":"https:\/\/asdgiada.it\/index.php\/escrima-kali-filippino\/","url":"https:\/\/asdgiada.it\/index.php\/escrima-kali-filippino\/","name":"Escrima & Kali Filippino - ASD GIADA","isPartOf":{"@id":"https:\/\/asdgiada.it\/#website"},"datePublished":"2024-10-25T13:05:41+00:00","dateModified":"2024-11-04T11:54:34+00:00","breadcrumb":{"@id":"https:\/\/asdgiada.it\/index.php\/escrima-kali-filippino\/#breadcrumb"},"inLanguage":"it-IT","potentialAction":[{"@type":"ReadAction","target":["https:\/\/asdgiada.it\/index.php\/escrima-kali-filippino\/"]}]},{"@type":"BreadcrumbList","@id":"https:\/\/asdgiada.it\/index.php\/escrima-kali-filippino\/#breadcrumb","itemListElement":[{"@type":"ListItem","position":1,"name":"Home","item":"https:\/\/asdgiada.it\/"},{"@type":"ListItem","position":2,"name":"Escrima &#038; Kali Filippino"}]},{"@type":"WebSite","@id":"https:\/\/asdgiada.it\/#website","url":"https:\/\/asdgiada.it\/","name":"ASD GIADA","description":"Difesa personale, Wing Chun Kung Fu e Escrima","publisher":{"@id":"https:\/\/asdgiada.it\/#organization"},"potentialAction":[{"@type":"SearchAction","target":{"@type":"EntryPoint","urlTemplate":"https:\/\/asdgiada.it\/?s={search_term_string}"},"query-input":{"@type":"PropertyValueSpecification","valueRequired":true,"valueName":"search_term_string"}}],"inLanguage":"it-IT"},{"@type":"Organization","@id":"https:\/\/asdgiada.it\/#organization","name":"ASD GIADA","url":"https:\/\/asdgiada.it\/","logo":{"@type":"ImageObject","inLanguage":"it-IT","@id":"https:\/\/asdgiada.it\/#\/schema\/logo\/image\/","url":"https:\/\/asdgiada.it\/wp-content\/uploads\/2024\/11\/cropped-logo-ASD-GIADA-copia.gif","contentUrl":"https:\/\/asdgiada.it\/wp-content\/uploads\/2024\/11\/cropped-logo-ASD-GIADA-copia.gif","width":1600,"height":670,"caption":"ASD GIADA"},"image":{"@id":"https:\/\/asdgiada.it\/#\/schema\/logo\/image\/"}}]}},"_links":{"self":[{"href":"https:\/\/asdgiada.it\/index.php\/wp-json\/wp\/v2\/pages\/15","targetHints":{"allow":["GET"]}}],"collection":[{"href":"https:\/\/asdgiada.it\/index.php\/wp-json\/wp\/v2\/pages"}],"about":[{"href":"https:\/\/asdgiada.it\/index.php\/wp-json\/wp\/v2\/types\/page"}],"author":[{"embeddable":true,"href":"https:\/\/asdgiada.it\/index.php\/wp-json\/wp\/v2\/users\/1"}],"replies":[{"embeddable":true,"href":"https:\/\/asdgiada.it\/index.php\/wp-json\/wp\/v2\/comments?post=15"}],"version-history":[{"count":8,"href":"https:\/\/asdgiada.it\/index.php\/wp-json\/wp\/v2\/pages\/15\/revisions"}],"predecessor-version":[{"id":172,"href":"https:\/\/asdgiada.it\/index.php\/wp-json\/wp\/v2\/pages\/15\/revisions\/172"}],"wp:attachment":[{"href":"https:\/\/asdgiada.it\/index.php\/wp-json\/wp\/v2\/media?parent=15"}],"curies":[{"name":"wp","href":"https:\/\/api.w.org\/{rel}","templated":true}]}}